{"id":3360,"date":"2018-10-29T11:04:27","date_gmt":"2018-10-29T10:04:27","guid":{"rendered":"http:\/\/tkd-herringen.de\/?page_id=3360"},"modified":"2018-10-29T11:04:27","modified_gmt":"2018-10-29T10:04:27","slug":"vorstand","status":"publish","type":"page","link":"https:\/\/tkd-herringen.de\/?page_id=3360","title":{"rendered":"Vorstand"},"content":{"rendered":"<p>[vc_row css=&#8221;.vc_custom_1534182263445{margin-top: 60px !important;}&#8221;][vc_column][vc_column_text]<\/p>\n<h1 style=\"text-align: center;\"><span style=\"color: #22e639;\"><strong>Vorstand des Taekwondo Herringen e.V. <\/strong><\/span><\/h1>\n<p style=\"text-align: center;\"><strong><br \/>\nVorsitzender: Dr. Cevdet G\u00fcrle<\/strong><\/p>\n<p style=\"text-align: center;\"><strong>Stellvertretender Vorsitzender: Metin Yeyden<\/strong><\/p>\n<p style=\"text-align: center;\"><strong>Gesch\u00e4ftsf\u00fchrerin: G\u00fclten G\u00fcrle<\/strong><\/p>\n<p>&nbsp;<\/p>\n<p style=\"text-align: center;\"><strong>Jugendsprecherinnen: Stefanie Gockel und Sena Celik\u00a0<\/strong><\/p>\n<p>[\/vc_column_text][\/vc_column][\/vc_row]<\/p>\n","protected":false},"excerpt":{"rendered":"<p>[vc_row css=&#8221;.vc_custom_1534182263445{margin-top: 60px !important;}&#8221;][vc_column][vc_column_text] Vorstand des Taekwondo Herringen e.V. Vorsitzender: Dr. Cevdet G\u00fcrle Stellvertretender Vorsitzender: Metin Yeyden Gesch\u00e4ftsf\u00fchrerin: G\u00fclten G\u00fcrle &nbsp; Jugendsprecherinnen: Stefanie Gockel und Sena<span class=\"excerpt-hellip\"> [\u2026]<\/span><\/p>\n","protected":false},"author":1,"featured_media":0,"parent":0,"menu_order":0,"comment_status":"open","ping_status":"open","template":"","meta":[],"_links":{"self":[{"href":"https:\/\/tkd-herringen.de\/index.php?rest_route=\/wp\/v2\/pages\/3360"}],"collection":[{"href":"https:\/\/tkd-herringen.de\/index.php?rest_route=\/wp\/v2\/pages"}],"about":[{"href":"https:\/\/tkd-herringen.de\/index.php?rest_route=\/wp\/v2\/types\/page"}],"author":[{"embeddable":true,"href":"https:\/\/tkd-herringen.de\/index.php?rest_route=\/wp\/v2\/users\/1"}],"replies":[{"embeddable":true,"href":"https:\/\/tkd-herringen.de\/index.php?rest_route=%2Fwp%2Fv2%2Fcomments&post=3360"}],"version-history":[{"count":1,"href":"https:\/\/tkd-herringen.de\/index.php?rest_route=\/wp\/v2\/pages\/3360\/revisions"}],"predecessor-version":[{"id":3361,"href":"https:\/\/tkd-herringen.de\/index.php?rest_route=\/wp\/v2\/pages\/3360\/revisions\/3361"}],"wp:attachment":[{"href":"https:\/\/tkd-herringen.de\/index.php?rest_route=%2Fwp%2Fv2%2Fmedia&parent=3360"}],"curies":[{"name":"wp","href":"https:\/\/api.w.org\/{rel}","templated":true}]}}