{"id":2916,"date":"2018-08-28T00:28:20","date_gmt":"2018-08-27T23:28:20","guid":{"rendered":"http:\/\/tkd-herringen.de\/?page_id=2916"},"modified":"2025-05-15T10:31:55","modified_gmt":"2025-05-15T09:31:55","slug":"oeffnungszeiten-und-preise","status":"publish","type":"page","link":"https:\/\/tkd-herringen.de\/?page_id=2916","title":{"rendered":"\u00d6ffnungszeiten und Preise"},"content":{"rendered":"<p>[vc_row full_width=&#8221;stretch_row&#8221;][vc_column][vc_tta_tour color=&#8221;vista-blue&#8221; active_section=&#8221;1&#8243; css=&#8221;.vc_custom_1535417073135{margin-top: 60px !important;}&#8221;][vc_tta_section title=&#8221;Trainingszeiten&#8221; tab_id=&#8221;1535412314460-f05e4067-124c&#8221;][vc_column_text]<\/p>\n<h2 style=\"text-align: center;\"><span style=\"color: #37d45e;\"><strong>TRAININGSZEITEN<\/strong><\/span><\/h2>\n<p>[\/vc_column_text][vc_column_text]<\/p>\n<div class=\"zentrierte-tabelle\">\n<p>&nbsp;<\/p>\n<table>\n<tbody>\n<tr>\n<td width=\"128\">\n<h4 style=\"text-align: center;\">Wochentag<\/h4>\n<\/td>\n<td width=\"142\">\n<h4><strong>Wann?<\/strong><\/h4>\n<\/td>\n<td width=\"161\">\n<h4><strong>Wo?<\/strong><\/h4>\n<\/td>\n<td width=\"184\">\n<h4><strong>Was?<\/strong><\/h4>\n<\/td>\n<\/tr>\n<tr>\n<td width=\"128\">\n<h5 style=\"text-align: center;\"><strong>Montag<\/strong><\/h5>\n<\/td>\n<td width=\"142\">\n<h5><strong>18:00 \u2013 20:00 Uhr<\/strong><\/h5>\n<\/td>\n<td width=\"161\">\n<h5><strong>Sporthalle der<br \/>\n<\/strong><strong>Arnold-Freymuth-Schule<\/strong><\/h5>\n<\/td>\n<td width=\"184\">\n<h5><strong>Grundschul-,\u00a0 Selbstverteidigungs- und Formenlehre f\u00fcr Anf\u00e4nger und Fortgeschrittene<\/strong><\/h5>\n<\/td>\n<\/tr>\n<tr>\n<td width=\"128\">\n<h5><strong>Montag<\/strong><\/h5>\n<\/td>\n<td width=\"142\">&nbsp;<\/p>\n<h5><strong>18:00 \u2013 19:30 Uhr<\/strong><\/h5>\n<h5><\/h5>\n<\/td>\n<td width=\"161\">\n<h5><strong>Sporthalle der<br \/>\n<\/strong><strong>Arnold-Freymuth-Schule<\/strong><\/h5>\n<\/td>\n<td width=\"184\">\n<h5><strong>Kindertraining<br \/>\n<\/strong><strong>(5 \u2013 8 Jahre)<\/strong><\/h5>\n<\/td>\n<\/tr>\n<tr>\n<td width=\"128\">\n<h5><strong>Dienstag<\/strong><\/h5>\n<\/td>\n<td width=\"142\">&nbsp;<\/p>\n<h5><strong>18:00 \u2013 20:00 Uhr<\/strong><\/h5>\n<h5><\/h5>\n<\/td>\n<td width=\"161\">\n<h5><strong>Sporthalle der<br \/>\n<\/strong><strong>Arnold-Freymuth-Schule<\/strong><\/h5>\n<\/td>\n<td width=\"184\">\n<h5><strong>Einf\u00fchrung in den Wettkampf f\u00fcr Anf\u00e4nger und Fortgeschrittene<\/strong><\/h5>\n<\/td>\n<\/tr>\n<tr>\n<td width=\"128\">\n<h5><strong>Mittwoch<\/strong><\/h5>\n<\/td>\n<td width=\"142\">\n<h5><strong>17:00 \u2013 18:00 Uhr<\/strong><\/h5>\n<\/td>\n<td width=\"161\">\n<h5><strong>Sporthalle der<br \/>\n<\/strong><strong>Arnold-Freymuth-Schule<\/strong><\/h5>\n<\/td>\n<td width=\"184\">\n<h5><strong>Breitensport f\u00fcr Kinder und Jugendliche (ab 6 Jahre)<\/strong><\/h5>\n<\/td>\n<\/tr>\n<tr>\n<td width=\"128\">\n<h5><strong>Mittwoch<\/strong><\/h5>\n<\/td>\n<td width=\"142\">\n<h5><strong>19:00 \u2013 21:00 Uhr<\/strong><\/h5>\n<\/td>\n<td width=\"161\">\n<h5><strong>Sporthalle der<br \/>\n<\/strong><strong>Arnold-Freymuth-Schule<\/strong><\/h5>\n<\/td>\n<td width=\"184\">\n<h5><strong>Wettkampftraining f\u00fcr Fortgeschrittene (Sportler ab Landesebene)<\/strong><\/h5>\n<\/td>\n<\/tr>\n<tr>\n<td width=\"128\">\n<h5><strong>Donnerstag<\/strong><\/h5>\n<\/td>\n<td width=\"142\">&nbsp;<\/p>\n<h5><strong>17:00 \u2013 18:00 Uhr<\/strong><\/h5>\n<h5><\/h5>\n<\/td>\n<td width=\"161\">\n<h5><strong>Sporthalle der<br \/>\n<\/strong><strong>Arnold-Freymuth-Schule<\/strong><\/h5>\n<\/td>\n<td width=\"184\">\n<h5><strong>Wettkampftraining f\u00fcr Anf\u00e4nger<\/strong><\/h5>\n<\/td>\n<\/tr>\n<tr>\n<td width=\"128\">\n<h5><strong>Donnerstag<\/strong><\/h5>\n<\/td>\n<td width=\"142\">&nbsp;<\/p>\n<h5><strong>18:00 \u2013 20:00 Uhr<\/strong><\/h5>\n<h5><\/h5>\n<\/td>\n<td width=\"161\">\n<h5><strong>Sporthalle der<br \/>\n<\/strong><strong>Arnold-Freymuth-Schule<\/strong><\/h5>\n<\/td>\n<td width=\"184\">\n<h5><strong>Wettkampftraining f\u00fcr Fortgeschrittene (Sportler ab Landesebene)<\/strong><\/h5>\n<\/td>\n<\/tr>\n<tr>\n<td width=\"128\">\n<h5><strong>Freitag<\/strong><\/h5>\n<\/td>\n<td width=\"142\">&nbsp;<\/p>\n<h5><strong>17:30 \u2013 18:30 Uhr<\/strong><\/h5>\n<h5><\/h5>\n<\/td>\n<td width=\"161\">\n<h5><strong>Sporthalle der<br \/>\n<\/strong><strong>Arnold-Freymuth-Schule<\/strong><\/h5>\n<\/td>\n<td width=\"184\">\n<h5><strong>Einf\u00fchrung in den Wettkampf f\u00fcr Anf\u00e4nger (Breitensport)<\/strong><\/h5>\n<\/td>\n<\/tr>\n<tr>\n<td width=\"128\">\n<h5><strong>Freitag<\/strong><\/h5>\n<\/td>\n<td width=\"142\">\n<h5><strong>18:30 \u2013 20:00 Uhr<\/strong><\/h5>\n<\/td>\n<td width=\"161\">\n<h5><strong>Sporthalle der<br \/>\n<\/strong><strong>Arnold-Freymuth-Schule<\/strong><\/h5>\n<\/td>\n<td width=\"184\">\n<h5><strong>Einf\u00fchrung in den Wettkampf f\u00fcr Anf\u00e4nger und Fortgeschrittene<\/strong><\/h5>\n<\/td>\n<\/tr>\n<tr>\n<td width=\"128\">\n<h5><strong>Samstag<\/strong><\/h5>\n<\/td>\n<td width=\"142\">\n<h5><\/h5>\n<h5><strong>14:00 \u2013 16:00 Uhr<\/strong><\/h5>\n<h5><\/h5>\n<\/td>\n<td width=\"161\">\n<h5><\/h5>\n<h5><strong>Sporthalle der<br \/>\n<\/strong><strong>Arnold-Freymuth-Schule \/ Sundern<\/strong><\/h5>\n<h5><\/h5>\n<\/td>\n<td width=\"184\">\n<h5><strong>Konditionstraining f\u00fcr alle Interessierten (nach Absprache!)<\/strong><\/h5>\n<\/td>\n<\/tr>\n<\/tbody>\n<\/table>\n<\/div>\n<p>&nbsp;<\/p>\n<div class=\"share-simple-wrapper share_item\"><span class=\"share-label\">Share<\/span><div class=\"icons\"><a target=\"_blank\" class=\"facebook\" href=\"https:\/\/www.facebook.com\/sharer\/sharer.php?u=https%3A%2F%2Ftkd-herringen.de%2F%3Fpage_id%3D2916\"><i class=\"icon-facebook\"><\/i><\/a><a target=\"_blank\" class=\"twitter\" href=\"https:\/\/twitter.com\/intent\/tweet?text=Taekwondo Herringen e.V.. https:\/\/tkd-herringen.de\/?page_id=2916\"><i class=\"icon-twitter\"><\/i><\/a><a target=\"_blank\" class=\"google\" href=\"https:\/\/plus.google.com\/share?url=https%3A%2F%2Ftkd-herringen.de%2F%3Fpage_id%3D2916\"><i class=\"icon-gplus\"><\/i><\/a><a target=\"_blank\" class=\"linkedin\" href=\"https:\/\/www.linkedin.com\/shareArticle?mini=true&url=https%3A%2F%2Ftkd-herringen.de%2F%3Fpage_id%3D2916&title=Taekwondo Herringen e.V.\"><i class=\"icon-linkedin\"><\/i><\/a><a target=\"_blank\" class=\"pinterest\" href=\"https:\/\/pinterest.com\/pin\/find\/?url=https%3A%2F%2Ftkd-herringen.de%2F%3Fpage_id%3D2916\"><i class=\"icon-pinterest\"><\/i><\/a><\/div><\/div>[\/vc_column_text][\/vc_tta_section][vc_tta_section title=&#8221;Beitragsordnung&#8221; tab_id=&#8221;1535412314491-0096145d-5487&#8243;][vc_column_text]<\/p>\n<h2 style=\"text-align: center;\"><span style=\"color: #37d45e;\"><strong>Beitragsordnung<\/strong><\/span><\/h2>\n<p>[\/vc_column_text][vc_column_text]<\/p>\n<table style=\"height: 363px;\" width=\"624\">\n<tbody>\n<tr>\n<td width=\"110\">\n<h4><strong>Trainings-<br \/>\nh\u00e4ufigkeit<\/strong><\/h4>\n<\/td>\n<td width=\"362\">\n<h4><strong>Art und Zeit des Trainings<\/strong><\/h4>\n<\/td>\n<td width=\"132\">\n<h4><strong>Preis<\/strong><\/h4>\n<\/td>\n<\/tr>\n<tr>\n<td width=\"110\">\n<h5><strong>1x \/ Woche<\/strong><\/h5>\n<\/td>\n<td width=\"362\">\n<h5><strong>Breitensporttraining<br \/>\n<\/strong><strong><em>immer montags <\/em><\/strong><\/h5>\n<\/td>\n<td width=\"132\">\n<h5><strong>10 \u20ac \/ Monat<\/strong><\/h5>\n<\/td>\n<\/tr>\n<tr>\n<td width=\"110\">\n<h5><strong>2x \/ Woche<\/strong><\/h5>\n<\/td>\n<td width=\"362\">\n<h5><strong>Breitensporttraining<br \/>\n<\/strong><strong><em>immer montags, mittwochs und\/oder freitags<\/em><\/strong><\/h5>\n<\/td>\n<td width=\"132\">\n<h5><strong>15 \u20ac \/ Monat<\/strong><\/h5>\n<\/td>\n<\/tr>\n<tr>\n<td width=\"110\">\n<h5><strong>bis zu<br \/>\n<\/strong><strong>5x \/ Woche<\/strong><\/h5>\n<\/td>\n<td width=\"362\">\n<h5><strong>Wettkampftraining<\/strong><\/h5>\n<\/td>\n<td width=\"132\">\n<h5><strong>\u00a020 \u20ac \/ Monat<\/strong><\/h5>\n<\/td>\n<\/tr>\n<\/tbody>\n<\/table>\n<p>&nbsp;<\/p>\n<h5 style=\"text-align: center;\"><strong>Abgebucht wird alle vier Monate, d.h. zum 01.01., 01.05. und zum 01.09. eines Jahres. Abmeldungen sind jederzeit bei den Trainern m\u00f6glich.<\/strong><\/h5>\n<h5 style=\"text-align: center;\"><strong>Mitglieder, die \u00fcber eine g\u00fcltige <em><span style=\"color: #ff0000;\">YOUCARD<\/span><\/em> verf\u00fcgen, k\u00f6nnen kostenfrei am Breitensporttraining teilnehmen!<\/strong><\/h5>\n<h5 style=\"text-align: center;\"><strong>Das 3. Geschwisterkind kann kostenfrei mittrainieren.<\/strong><\/h5>\n<h5 style=\"text-align: center;\"><strong>Alle integrativen und sozialen Ma\u00dfnahmen des Vereins (Feste, Ausfl\u00fcge und Veranstaltungen) sind in der Regel kostenfrei.<\/strong><\/h5>\n<h5 style=\"text-align: center;\"><strong>Die Wettk\u00e4mpfer kriegen in der Regel ihre Startgeb\u00fchr f\u00fcr Meisterschaften vom Sportverein bezahlt.<\/strong><\/h5>\n<p>[\/vc_column_text][\/vc_tta_section][\/vc_tta_tour][\/vc_column][\/vc_row]<\/p>\n","protected":false},"excerpt":{"rendered":"<p>[vc_row full_width=&#8221;stretch_row&#8221;][vc_column][vc_tta_tour color=&#8221;vista-blue&#8221; active_section=&#8221;1&#8243; css=&#8221;.vc_custom_1535417073135{margin-top: 60px !important;}&#8221;][vc_tta_section title=&#8221;Trainingszeiten&#8221; tab_id=&#8221;1535412314460-f05e4067-124c&#8221;][vc_column_text] TRAININGSZEITEN [\/vc_column_text][vc_column_text] &nbsp; Wochentag Wann? Wo? Was? Montag 18:00 \u2013 20:00 Uhr Sporthalle der Arnold-Freymuth-Schule Grundschul-,\u00a0 Selbstverteidigungs-<span class=\"excerpt-hellip\"> [\u2026]<\/span><\/p>\n","protected":false},"author":1,"featured_media":0,"parent":0,"menu_order":0,"comment_status":"closed","ping_status":"closed","template":"","meta":[],"_links":{"self":[{"href":"https:\/\/tkd-herringen.de\/index.php?rest_route=\/wp\/v2\/pages\/2916"}],"collection":[{"href":"https:\/\/tkd-herringen.de\/index.php?rest_route=\/wp\/v2\/pages"}],"about":[{"href":"https:\/\/tkd-herringen.de\/index.php?rest_route=\/wp\/v2\/types\/page"}],"author":[{"embeddable":true,"href":"https:\/\/tkd-herringen.de\/index.php?rest_route=\/wp\/v2\/users\/1"}],"replies":[{"embeddable":true,"href":"https:\/\/tkd-herringen.de\/index.php?rest_route=%2Fwp%2Fv2%2Fcomments&post=2916"}],"version-history":[{"count":22,"href":"https:\/\/tkd-herringen.de\/index.php?rest_route=\/wp\/v2\/pages\/2916\/revisions"}],"predecessor-version":[{"id":7810,"href":"https:\/\/tkd-herringen.de\/index.php?rest_route=\/wp\/v2\/pages\/2916\/revisions\/7810"}],"wp:attachment":[{"href":"https:\/\/tkd-herringen.de\/index.php?rest_route=%2Fwp%2Fv2%2Fmedia&parent=2916"}],"curies":[{"name":"wp","href":"https:\/\/api.w.org\/{rel}","templated":true}]}}