{"id":2729,"date":"2018-08-23T01:44:37","date_gmt":"2018-08-23T00:44:37","guid":{"rendered":"http:\/\/tkd-herringen.de\/?page_id=2729"},"modified":"2019-01-21T17:23:08","modified_gmt":"2019-01-21T16:23:08","slug":"was-ist-taekwondo","status":"publish","type":"page","link":"https:\/\/tkd-herringen.de\/?page_id=2729","title":{"rendered":"Was ist Taekwondo?"},"content":{"rendered":"<p>[vc_row full_width=&#8221;stretch_row&#8221; full_height=&#8221;yes&#8221; bg_type=&#8221;u_iframe&#8221; u_video_url=&#8221;https:\/\/www.youtube.com\/watch?v=ZEFGBz7L9cs&#8221; video_opts=&#8221;loop,muted&#8221; viewport_vdo=&#8221;viewport_play&#8221; bg_override=&#8221;full&#8221; parallax_content=&#8221;parallax_content_value&#8221; parallax_content_sense=&#8221;20&#8243; enable_overlay=&#8221;enable_overlay_value&#8221; overlay_color=&#8221;rgba(255,255,255,0.88)&#8221;][vc_column parallax=&#8221;content-moving&#8221; css_animation=&#8221;appear&#8221;]<div id=\"ultimate-heading-618569e77a82f36c4\" class=\"uvc-heading ult-adjust-bottom-margin ultimate-heading-618569e77a82f36c4 uvc-9120 \" data-hspacer=\"line_only\"  data-halign=\"center\" style=\"text-align:center\"><div class=\"uvc-main-heading ult-responsive\"  data-ultimate-target='.uvc-heading.ultimate-heading-618569e77a82f36c4 h2'  data-responsive-json-new='{\"font-size\":\"\",\"line-height\":\"\"}' ><h2 style=\"font-weight:bold;margin-top:60px;\">Was ist Taekwondo?<\/h2><\/div><div class=\"uvc-heading-spacer line_only\" style=\"topheight:1px;\"><span class=\"uvc-headings-line\" style=\"border-style:solid;border-bottom-width:1px;border-color:#ccc;width:3px;\"><\/span><\/div><div class=\"uvc-sub-heading ult-responsive\"  data-ultimate-target='.uvc-heading.ultimate-heading-618569e77a82f36c4 .uvc-sub-heading '  data-responsive-json-new='{\"font-size\":\"\",\"line-height\":\"\"}'  style=\"font-weight:bold;\">Taekwondo ist eine \u00fcber 2000 Jahre alte koreanische Budosport des waffenlosen Kampfes und wird seit Anfang der 1960er in Deutschland praktiziert. Heute ist Taekwondo eine anerkannte olympische Disziplin. Taekwondo besteht nicht nur aus den Wettkampf, sondern auch aus den zahlreichen Sparringsarten, der Selbstverteidigung, dem Bruchtest, den Bewegungsformen (Poomse), und dem Hinf\u00fchren zu einer Lebenseinstellung, die allgemein als Do bezeichnet wird. An Anfang steht die Steigerung der eigenen Leistungsf\u00e4higkeit durch regelm\u00e4\u00dfiges \u00dcben. Dies schafft Selbstvertrauen, das durch die Trainer und durch die Inhalte des Trainings zus\u00e4tzlich unterst\u00fctzt wird. Selbstvertrauen bildet die beste Voraussetzung f\u00fcr die weitere Entwicklung innerhalb und au\u00dferhalb des Taekwondo. Taekwondo lehrt, Schwierigkeiten zu \u00fcberwinden, Schwachen zu helfen, f\u00fcr das Gute und die Gerechtigkeit zu k\u00e4mpfen, Selbstdisziplin zu \u00fcben, h\u00f6flich zu sein und einander zu achten. Die im Training erworbene Achtung vor dem Trainer, den Trainingspartnern, ihrer Gesundheit und Pers\u00f6nlichkeit wird mit eben solcher Selbstverst\u00e4ndlichkeit auch Gegnern entgegengebracht.<\/p>\n<p>&nbsp;<\/p>\n<h3><strong>Was hei\u00dft Taekwondo?<\/strong><\/h3>\n<p><em>Taekwondo setzt sich zusammen aus:<\/em><\/p>\n<p>&#8220;<em><span style=\"color: #ff0000;\">TAE<\/span><\/em>&#8221; hei\u00dft soviel wie springen, sto\u00dfen und schlagen mit F\u00fc\u00dfen<\/p>\n<p>&#8220;<em><span style=\"color: #ff0000;\">KWON<\/span><\/em>&#8221; (w\u00f6rtlich: Faust) bezeichnet die Angriffe und Bl\u00f6cke mit der Hand<\/p>\n<p>&#8220;<em><span style=\"color: #ff0000;\">DO<\/span><\/em>&#8221; die Lehre und Geisteshaltung dieser Sportart<\/p>\n<p>&nbsp;<\/p>\n<h3><strong>Dojang Regeln \/ Hallenregeln <\/strong><\/h3>\n<h4><u><strong>Die oberste Dojang Regel<\/strong><\/u><\/h4>\n<p>H\u00f6flichkeit und Disziplin stehen an erster Stelle. Die \u00c4lteren k\u00fcmmern sich um die J\u00fcngeren. Die H\u00f6hergraduierten m\u00fcssen in der Lage sein, den Niedrigergraduierten die Grundlagen des Taekwondo beizubringen. Wir sind ein Verein, eine Gemeinschaft, wir trainieren gemeinsam, nicht jeder f\u00fcr sich, es gilt:<\/p>\n<p>Einer f\u00fcr alle, alle f\u00fcr einen<\/p>\n<p>Halle an-\/abgr\u00fc\u00dfen, wenn man sie betritt, oder verl\u00e4sst.<\/p>\n<p>Niemand darf ohne die Erlaubnis der Trainer den Dojang betreten oder verlassen.<\/p>\n<p>Niemand darf ohne die Erlaubnis der Trainer unterrichten oder trainieren.<\/p>\n<p>Das Tragen von Schuhen und Schmuck im Dojang ist verboten.<\/p>\n<p>Fu\u00df- und Fingern\u00e4gel m\u00fcssen kurz gehalten werden.<\/p>\n<p>Sauberer Dobok, oder Trainingshose im Dojang.<\/p>\n<p>Unn\u00fctzes Geschw\u00e4tz ist verboten.<\/p>\n<p>Rauchen in und vor der Halle ist verboten. Das gilt auch f\u00fcr die Eltern der Sportler.<\/p>\n<h3>Graduierung im Taekwondo<\/h3>\n<h4><strong>Die verschiedenen G\u00fcrtelfarben kennzeichnen den Leistungsgrad der Sch\u00fcler:<\/strong><\/h4>\n<p>Wei\u00df (10. Kup) ANF\u00c4NGER<\/p>\n<p>Wei\u00df mit gelben Streifen (9. Kup)<\/p>\n<p>Gelb (8. Kup)<\/p>\n<p>Gelb mit gr\u00fcnen Streifen (7. Kup)<\/p>\n<p>Gr\u00fcn (6. Kup)<\/p>\n<p>Gr\u00fcn mit blauen Streifen (5. Kup)<\/p>\n<p>Blau (4. Kup) FORTGESCHRITTENER<\/p>\n<p>Blau mit braunen Streifen (3. Kup)<\/p>\n<p>Braun (2. Kup)<\/p>\n<p>Braun mit schwarzen Streifen (1. Kup)<\/p>\n<p>Rot\/Schwarz (1. \u2013 3. Poom Schwarzgurt unter 14 Jahren)<\/p>\n<p>Schwarz (1. \u2013 3. Dan Leistungsgrade)<\/p>\n<p>Schwarz (4.\/5. Dan Meistergrade)<\/p>\n<p>Schwarz (6. \u2013 9. Dan Gro\u00dfmeistergrade)<\/div><\/div>[\/vc_column][vc_column][\/vc_column][\/vc_row]<\/p>\n","protected":false},"excerpt":{"rendered":"<p>[vc_row full_width=&#8221;stretch_row&#8221; full_height=&#8221;yes&#8221; bg_type=&#8221;u_iframe&#8221; u_video_url=&#8221;https:\/\/www.youtube.com\/watch?v=ZEFGBz7L9cs&#8221; video_opts=&#8221;loop,muted&#8221; viewport_vdo=&#8221;viewport_play&#8221; bg_override=&#8221;full&#8221; parallax_content=&#8221;parallax_content_value&#8221; parallax_content_sense=&#8221;20&#8243; enable_overlay=&#8221;enable_overlay_value&#8221; overlay_color=&#8221;rgba(255,255,255,0.88)&#8221;][vc_column parallax=&#8221;content-moving&#8221; css_animation=&#8221;appear&#8221;][\/vc_column][vc_column][\/vc_column][\/vc_row]<\/p>\n","protected":false},"author":1,"featured_media":0,"parent":0,"menu_order":0,"comment_status":"closed","ping_status":"closed","template":"","meta":[],"_links":{"self":[{"href":"https:\/\/tkd-herringen.de\/index.php?rest_route=\/wp\/v2\/pages\/2729"}],"collection":[{"href":"https:\/\/tkd-herringen.de\/index.php?rest_route=\/wp\/v2\/pages"}],"about":[{"href":"https:\/\/tkd-herringen.de\/index.php?rest_route=\/wp\/v2\/types\/page"}],"author":[{"embeddable":true,"href":"https:\/\/tkd-herringen.de\/index.php?rest_route=\/wp\/v2\/users\/1"}],"replies":[{"embeddable":true,"href":"https:\/\/tkd-herringen.de\/index.php?rest_route=%2Fwp%2Fv2%2Fcomments&post=2729"}],"version-history":[{"count":20,"href":"https:\/\/tkd-herringen.de\/index.php?rest_route=\/wp\/v2\/pages\/2729\/revisions"}],"predecessor-version":[{"id":3788,"href":"https:\/\/tkd-herringen.de\/index.php?rest_route=\/wp\/v2\/pages\/2729\/revisions\/3788"}],"wp:attachment":[{"href":"https:\/\/tkd-herringen.de\/index.php?rest_route=%2Fwp%2Fv2%2Fmedia&parent=2729"}],"curies":[{"name":"wp","href":"https:\/\/api.w.org\/{rel}","templated":true}]}}