{"id":2727,"date":"2018-08-23T01:11:49","date_gmt":"2018-08-23T00:11:49","guid":{"rendered":"http:\/\/tkd-herringen.de\/?page_id=2727"},"modified":"2018-08-28T00:03:02","modified_gmt":"2018-08-27T23:03:02","slug":"vereinsgeschichte","status":"publish","type":"page","link":"https:\/\/tkd-herringen.de\/?page_id=2727","title":{"rendered":"Vereinsgeschichte"},"content":{"rendered":"<p>[vc_row][vc_column][vc_column_text css=&#8221;.vc_custom_1535410590085{margin-top: 60px !important;}&#8221;]<\/p>\n<h1 style=\"text-align: center;\"><span style=\"color: #4cd94e;\"><strong>VEREINSGESCHICHTE<\/strong><\/span><\/h1>\n<p>[\/vc_column_text]<div class=\"smile-icon-timeline-wrap csstime   \"     style=\"\"><div class=\"timeline-line \" style=\"border-right-style:solid;border-right-color:#49e814;\"><span><\/span><\/div><div class=\"timeline-wrapper\"><\/div><div class=\"timeline-feature-item feat-item feat-top \"><div class=\"feat-dot feat-top\"><div class=\"timeline-dot\"><\/div><\/div><div class=\"ult-timeline-arrow feat-top\"><s><\/s><l><\/l><\/div><div class=\"timeline-icon-block\"><div class=\"ult-timeline-icon tl-icon-no-bg\" style=\"   \"><\/div> <!-- icon --><\/div><div class=\"timeline-header-block\" >\r\n\t\t\t\t\t\t\t<div class=\"timeline-header\" id=\"timeline-featured-3152\"  style=\"\"><h2\r\n\t\t\t class=\"ult-timeline-title ult-responsive\"   data-ultimate-target='#timeline-featured-3152 .ult-timeline-title'  data-responsive-json-new='{\"font-size\":\"\",\"line-height\":\"\"}'  style=\"\">1987<\/h2><div class=\"ult-responsive custom-lht\"  data-ultimate-target='#timeline-featured-3152 .custom-lht'  data-responsive-json-new='{\"font-size\":\"\",\"line-height\":\"\"}'  style=\"\"><\/p>\n<h5><strong>Der Verein <span style=\"color: #ff0000;\">Taekwondo Herringen e.V.<\/span> wurde urspr\u00fcnglich als Taekwondo-Abteilung des <em>Fortuna Herringen e.V.<\/em> 1987 durch <em>Nizamettin Atli<\/em> (auch besser bekannt unter seinem Spitznamen <em>Sam<\/em>) gegr\u00fcndet.<\/strong><\/h5>\n<p><\/div><\/div> <!-- header --><\/div><\/div><div class=\"timeline-wrapper \"><div class=\"timeline-block \"><div class=\"timeline-dot\"><\/div><div class=\"ult-timeline-arrow\"><s><\/s><l><\/l><\/div><div class=\"timeline-icon-block\"><div class=\"ult-timeline-icon tl-icon-no-bg\" style=\"   \"><\/div> <!-- icon --><\/div><div class=\"timeline-header-block\" >\r\n\t\t\t\t\t\t\t<div id=\"timeline-item-1846\" class=\"timeline-header\" style=\"\"><h2 class=\"ult-timeline-title ult-responsive\"  data-ultimate-target='#timeline-item-1846 .ult-timeline-title'  data-responsive-json-new='{\"font-size\":\"\",\"line-height\":\"\"}'  style=\"\">1992<\/h2><div class=\"ult-responsive timeline-item-spt\"  data-ultimate-target='#timeline-item-1846 .timeline-item-spt'  data-responsive-json-new='{\"font-size\":\"\",\"line-height\":\"\"}'  style=\"\"><\/p>\n<h5><strong>Als <em>Nizamettin Atli<\/em> berufsbedingt 1992 den Verein verlie\u00df, \u00fcbernahm <em>Sascha Schlein<\/em> als h\u00f6chster G\u00fcrtelgrad das Vereinstraining.<\/strong><\/h5>\n<p><\/div><\/div> <!-- header --><\/div><\/div><\/div><div class=\"timeline-feature-item feat-item  \"><div class=\"feat-dot \"><div class=\"timeline-dot\"><\/div><\/div><div class=\"ult-timeline-arrow \"><s><\/s><l><\/l><\/div><div class=\"timeline-icon-block\"><div class=\"ult-timeline-icon tl-icon-no-bg\" style=\"   \"><\/div> <!-- icon --><\/div><div class=\"timeline-header-block\" >\r\n\t\t\t\t\t\t\t<div class=\"timeline-header\" id=\"timeline-featured-7606\"  style=\"\"><h2\r\n\t\t\t class=\"ult-timeline-title ult-responsive\"   data-ultimate-target='#timeline-featured-7606 .ult-timeline-title'  data-responsive-json-new='{\"font-size\":\"\",\"line-height\":\"\"}'  style=\"\">1994<\/h2><div class=\"ult-responsive custom-lht\"  data-ultimate-target='#timeline-featured-7606 .custom-lht'  data-responsive-json-new='{\"font-size\":\"\",\"line-height\":\"\"}'  style=\"\"><img loading=\"lazy\" class=\"aligncenter size-full wp-image-2892\" src=\"http:\/\/tkd-herringen.de\/wp-content\/uploads\/2018\/08\/2.Danpr\u00fcfungNovember1999.jpg\" alt=\"\" width=\"2121\" height=\"1520\" srcset=\"https:\/\/tkd-herringen.de\/wp-content\/uploads\/2018\/08\/2.Danpr\u00fcfungNovember1999.jpg 2121w, https:\/\/tkd-herringen.de\/wp-content\/uploads\/2018\/08\/2.Danpr\u00fcfungNovember1999-300x215.jpg 300w, https:\/\/tkd-herringen.de\/wp-content\/uploads\/2018\/08\/2.Danpr\u00fcfungNovember1999-768x550.jpg 768w, https:\/\/tkd-herringen.de\/wp-content\/uploads\/2018\/08\/2.Danpr\u00fcfungNovember1999-1024x734.jpg 1024w, https:\/\/tkd-herringen.de\/wp-content\/uploads\/2018\/08\/2.Danpr\u00fcfungNovember1999-204x146.jpg 204w, https:\/\/tkd-herringen.de\/wp-content\/uploads\/2018\/08\/2.Danpr\u00fcfungNovember1999-50x36.jpg 50w, https:\/\/tkd-herringen.de\/wp-content\/uploads\/2018\/08\/2.Danpr\u00fcfungNovember1999-105x75.jpg 105w\" sizes=\"(max-width: 2121px) 100vw, 2121px\" \/><\/p>\n<h5><strong>Nach einem \u00dcbergang des Provisoriums trafen die wenigen \u00fcbrig gebliebenen Sportler, unter ihnen\u00a0<em>Cevdet<\/em>\u00a0und\u00a0<em>Meheddiz G\u00fcrle<\/em>\u00a0und\u00a0<em>Georg Schulze<\/em>, im Jahr 1994\u00a0<em>Uwe Felix<\/em>, der als neuer Trainer die Abteilung \u00fcbernahm. Der Taekwondo-Betrieb wurde wieder aufgenommen und die Zahl der Mitglieder ging deutlich nach oben.<\/strong><\/h5>\n<p><\/div><\/div> <!-- header --><\/div><\/div><div class=\"timeline-wrapper \"><div class=\"timeline-block \"><div class=\"timeline-dot\"><\/div><div class=\"ult-timeline-arrow\"><s><\/s><l><\/l><\/div><div class=\"timeline-icon-block\"><div class=\"ult-timeline-icon tl-icon-no-bg\" style=\"   \"><\/div> <!-- icon --><\/div><div class=\"timeline-header-block\" >\r\n\t\t\t\t\t\t\t<div id=\"timeline-item-6429\" class=\"timeline-header\" style=\"\"><h2 class=\"ult-timeline-title ult-responsive\"  data-ultimate-target='#timeline-item-6429 .ult-timeline-title'  data-responsive-json-new='{\"font-size\":\"\",\"line-height\":\"\"}'  style=\"\">1999<\/h2><div class=\"ult-responsive timeline-item-spt\"  data-ultimate-target='#timeline-item-6429 .timeline-item-spt'  data-responsive-json-new='{\"font-size\":\"\",\"line-height\":\"\"}'  style=\"\"><\/p>\n<h5><strong>Als <em>Uwe Felix<\/em> 1999 durch einen tragischen Arbeitsunfall starb, war das ein schwerer Schlag f\u00fcr alle Vereinsmitglieder. <em>Cevdet G\u00fcrle<\/em> und <em>Meheddiz G\u00fcrle<\/em>, die wenige Wochen vor dem t\u00f6dlichen Unfall den 1. Dan abgelegt hatten, \u00fcbernahmen mit <em>Georg Schulzes<\/em> Hilfe den Trainingsbetrieb.<\/strong><\/h5>\n<p><\/div><\/div> <!-- header --><\/div><\/div><\/div><div class=\"timeline-feature-item feat-item  \"><div class=\"feat-dot \"><div class=\"timeline-dot\"><\/div><\/div><div class=\"ult-timeline-arrow \"><s><\/s><l><\/l><\/div><div class=\"timeline-icon-block\"><div class=\"ult-timeline-icon tl-icon-no-bg\" style=\"   \"><\/div> <!-- icon --><\/div><div class=\"timeline-header-block\" >\r\n\t\t\t\t\t\t\t<div class=\"timeline-header\" id=\"timeline-featured-5162\"  style=\"\"><h2\r\n\t\t\t class=\"ult-timeline-title ult-responsive\"   data-ultimate-target='#timeline-featured-5162 .ult-timeline-title'  data-responsive-json-new='{\"font-size\":\"\",\"line-height\":\"\"}'  style=\"\">2002<\/h2><div class=\"ult-responsive custom-lht\"  data-ultimate-target='#timeline-featured-5162 .custom-lht'  data-responsive-json-new='{\"font-size\":\"\",\"line-height\":\"\"}'  style=\"\"><img loading=\"lazy\" class=\"aligncenter size-full wp-image-2903\" src=\"http:\/\/tkd-herringen.de\/wp-content\/uploads\/2018\/08\/4.DeutscheMeisterinStefanieGockelMai2002.jpg\" alt=\"\" width=\"1643\" height=\"1853\" srcset=\"https:\/\/tkd-herringen.de\/wp-content\/uploads\/2018\/08\/4.DeutscheMeisterinStefanieGockelMai2002.jpg 1643w, https:\/\/tkd-herringen.de\/wp-content\/uploads\/2018\/08\/4.DeutscheMeisterinStefanieGockelMai2002-266x300.jpg 266w, https:\/\/tkd-herringen.de\/wp-content\/uploads\/2018\/08\/4.DeutscheMeisterinStefanieGockelMai2002-768x866.jpg 768w, https:\/\/tkd-herringen.de\/wp-content\/uploads\/2018\/08\/4.DeutscheMeisterinStefanieGockelMai2002-908x1024.jpg 908w, https:\/\/tkd-herringen.de\/wp-content\/uploads\/2018\/08\/4.DeutscheMeisterinStefanieGockelMai2002-129x146.jpg 129w, https:\/\/tkd-herringen.de\/wp-content\/uploads\/2018\/08\/4.DeutscheMeisterinStefanieGockelMai2002-44x50.jpg 44w, https:\/\/tkd-herringen.de\/wp-content\/uploads\/2018\/08\/4.DeutscheMeisterinStefanieGockelMai2002-67x75.jpg 67w\" sizes=\"(max-width: 1643px) 100vw, 1643px\" \/><\/p>\n<h5><strong>Im Jahr 2002 holt sich <span style=\"color: #ff0000;\"><em>Stefanie Gockel<\/em><\/span>, die aufstrebende K\u00e4mpferin des Taekwondovereins, den Titel der <em>Deutschen Meisterin<\/em>.<\/strong><\/h5>\n<p><\/div><\/div> <!-- header --><\/div><\/div><div class=\"timeline-wrapper \"><div class=\"timeline-block \"><div class=\"timeline-dot\"><\/div><div class=\"ult-timeline-arrow\"><s><\/s><l><\/l><\/div><div class=\"timeline-icon-block\"><div class=\"ult-timeline-icon tl-icon-no-bg\" style=\"   \"><\/div> <!-- icon --><\/div><div class=\"timeline-header-block\" >\r\n\t\t\t\t\t\t\t<div id=\"timeline-item-3517\" class=\"timeline-header\" style=\"\"><h2 class=\"ult-timeline-title ult-responsive\"  data-ultimate-target='#timeline-item-3517 .ult-timeline-title'  data-responsive-json-new='{\"font-size\":\"\",\"line-height\":\"\"}'  style=\"\">2003<\/h2><div class=\"ult-responsive timeline-item-spt\"  data-ultimate-target='#timeline-item-3517 .timeline-item-spt'  data-responsive-json-new='{\"font-size\":\"\",\"line-height\":\"\"}'  style=\"\"><\/p>\n<h5><strong>Nach der Fusion der Fu\u00dfballvereine <em>Fortuna Herringen<\/em> und des <em>Herringer SV<\/em> 2003 zum <em>SVF Herringen<\/em> wurde man eine Taekwondo-Abteilung des neuen Vereins.<\/strong><\/h5>\n<p><\/div><\/div> <!-- header --><\/div><\/div><\/div><div class=\"timeline-feature-item feat-item  \"><div class=\"feat-dot \"><div class=\"timeline-dot\"><\/div><\/div><div class=\"ult-timeline-arrow \"><s><\/s><l><\/l><\/div><div class=\"timeline-icon-block\"><div class=\"ult-timeline-icon tl-icon-no-bg\" style=\"   \"><\/div> <!-- icon --><\/div><div class=\"timeline-header-block\" >\r\n\t\t\t\t\t\t\t<div class=\"timeline-header\" id=\"timeline-featured-6505\"  style=\"\"><h2\r\n\t\t\t class=\"ult-timeline-title ult-responsive\"   data-ultimate-target='#timeline-featured-6505 .ult-timeline-title'  data-responsive-json-new='{\"font-size\":\"\",\"line-height\":\"\"}'  style=\"\">2007<\/h2><div class=\"ult-responsive custom-lht\"  data-ultimate-target='#timeline-featured-6505 .custom-lht'  data-responsive-json-new='{\"font-size\":\"\",\"line-height\":\"\"}'  style=\"\"><\/p>\n<h5 style=\"text-align: center;\"><strong>Im Jahr 2007 entschied man sich daf\u00fcr, sich vom Hauptverein, der seinen Schwerpunkt deutlich auf den Fu\u00dfball setzte, zu l\u00f6sen und einen eigenst\u00e4ndigen Taekwondoverein zu gr\u00fcnden. So entstand 2007, der bis heute bestehende Verein. Seitdem erm\u00f6glicht er seinen mehr als 200 Mitgliedern aufgrund einer professionellen Struktur den Taekwondosport mit Gleichgesinnten als Breiten- aber auch Leistungssport in Hamm und der Region zu betreiben.<\/strong><\/h5>\n<h5 style=\"text-align: center;\"><strong><em>Dr. Cevdet G\u00fcrle<\/em> ist seit der Gr\u00fcndung des Vereins 2007 bis heute der Vorsitzend des <span style=\"color: #ff0000;\"><em>Taekwondo Herringen e.V.<\/em><\/span>.<\/strong><\/h5>\n<p><\/div><\/div> <!-- header --><\/div><\/div><div class=\"timeline-wrapper \"><\/div><\/div>[\/vc_column][\/vc_row]<\/p>\n","protected":false},"excerpt":{"rendered":"<p>[vc_row][vc_column][vc_column_text css=&#8221;.vc_custom_1535410590085{margin-top: 60px !important;}&#8221;] VEREINSGESCHICHTE [\/vc_column_text][\/vc_column][\/vc_row]<\/p>\n","protected":false},"author":1,"featured_media":0,"parent":0,"menu_order":0,"comment_status":"closed","ping_status":"closed","template":"","meta":[],"_links":{"self":[{"href":"https:\/\/tkd-herringen.de\/index.php?rest_route=\/wp\/v2\/pages\/2727"}],"collection":[{"href":"https:\/\/tkd-herringen.de\/index.php?rest_route=\/wp\/v2\/pages"}],"about":[{"href":"https:\/\/tkd-herringen.de\/index.php?rest_route=\/wp\/v2\/types\/page"}],"author":[{"embeddable":true,"href":"https:\/\/tkd-herringen.de\/index.php?rest_route=\/wp\/v2\/users\/1"}],"replies":[{"embeddable":true,"href":"https:\/\/tkd-herringen.de\/index.php?rest_route=%2Fwp%2Fv2%2Fcomments&post=2727"}],"version-history":[{"count":22,"href":"https:\/\/tkd-herringen.de\/index.php?rest_route=\/wp\/v2\/pages\/2727\/revisions"}],"predecessor-version":[{"id":2913,"href":"https:\/\/tkd-herringen.de\/index.php?rest_route=\/wp\/v2\/pages\/2727\/revisions\/2913"}],"wp:attachment":[{"href":"https:\/\/tkd-herringen.de\/index.php?rest_route=%2Fwp%2Fv2%2Fmedia&parent=2727"}],"curies":[{"name":"wp","href":"https:\/\/api.w.org\/{rel}","templated":true}]}}